{"id":3136,"date":"2023-04-13T04:18:36","date_gmt":"2023-04-13T04:18:36","guid":{"rendered":"http:\/\/finestwp.com\/aqutex\/?page_id=3136"},"modified":"2025-01-24T23:17:26","modified_gmt":"2025-01-24T23:17:26","slug":"hakkimizda","status":"publish","type":"page","link":"https:\/\/www.suderyasi.com.tr\/index.php\/hakkimizda\/","title":{"rendered":"Hakk\u0131m\u0131zda"},"content":{"rendered":"\t\t<div data-elementor-type=\"wp-page\" data-elementor-id=\"3136\" class=\"elementor elementor-3136\">\n\t\t\t\t\t\t<section class=\"elementor-section elementor-top-section elementor-element elementor-element-5cef824 hover-3 elementor-section-boxed elementor-section-height-default elementor-section-height-default\" data-id=\"5cef824\" data-element_type=\"section\" data-settings=\"{&quot;background_background&quot;:&quot;classic&quot;}\">\n\t\t\t\t\t\t<div class=\"elementor-container elementor-column-gap-no\">\n\t\t\t\t\t<div class=\"elementor-column elementor-col-50 elementor-top-column elementor-element elementor-element-7818805\" data-id=\"7818805\" data-element_type=\"column\">\n\t\t\t<div class=\"elementor-widget-wrap elementor-element-populated\">\n\t\t\t\t\t\t<div class=\"elementor-element elementor-element-9b85ef7 sec-title elementor-widget elementor-widget-heading\" data-id=\"9b85ef7\" data-element_type=\"widget\" data-widget_type=\"heading.default\">\n\t\t\t\t<div class=\"elementor-widget-container\">\n\t\t\t\t\t<h3 class=\"elementor-heading-title elementor-size-default\">Hakk\u0131m\u0131zda<\/h3>\t\t\t\t<\/div>\n\t\t\t\t<\/div>\n\t\t\t\t<div class=\"elementor-element elementor-element-74d30d2 elementor-widget__width-auto notranslate elementor-widget elementor-widget-heading\" data-id=\"74d30d2\" data-element_type=\"widget\" data-widget_type=\"heading.default\">\n\t\t\t\t<div class=\"elementor-widget-container\">\n\t\t\t\t\t<h2 class=\"elementor-heading-title elementor-size-default\">Su Deryas\u0131<\/h2>\t\t\t\t<\/div>\n\t\t\t\t<\/div>\n\t\t\t\t<div class=\"elementor-element elementor-element-3042fe7 elementor-widget__width-auto elementor-widget elementor-widget-heading\" data-id=\"3042fe7\" data-element_type=\"widget\" data-widget_type=\"heading.default\">\n\t\t\t\t<div class=\"elementor-widget-container\">\n\t\t\t\t\t<h2 class=\"elementor-heading-title elementor-size-default\">Fresh Water<\/h2>\t\t\t\t<\/div>\n\t\t\t\t<\/div>\n\t\t\t\t<div class=\"elementor-element elementor-element-41d3281 elementor-widget elementor-widget-text-editor\" data-id=\"41d3281\" data-element_type=\"widget\" data-widget_type=\"text-editor.default\">\n\t\t\t\t<div class=\"elementor-widget-container\">\n\t\t\t\t\t\t\t\t\t<p>\u0130stanbul Bo\u011faz\u0131\u2019ndan ge\u00e7en, \u0130stanbul demir alanlar\u0131na, tersanelere ve \u0130zmit Liman\u0131\u2019na u\u011frayan gemilere 7\/24 y\u00fcksek kaliteli tatl\u0131 su tedarik ediyoruz. Sa\u011flad\u0131\u011f\u0131m\u0131z su, D\u00fcnya Sa\u011fl\u0131k \u00d6rg\u00fct\u00fc\u2019n\u00fcn (DS\u00d6) kullanma suyu kalitesiyle ilgili k\u0131lavuzunda belirtilen standartlar\u0131 eksiksiz bir \u015fekilde kar\u015f\u0131lamaktad\u0131r. Bu sayede gemilere g\u00fcvenli, sa\u011fl\u0131kl\u0131 ve temiz suyun ula\u015ft\u0131r\u0131lmas\u0131n\u0131 sa\u011fl\u0131yoruz.<\/p><p>Hizmet kalitemizi daima en \u00fcst seviyede tutmak i\u00e7in s\u00fcrekli bir filo yenileme plan\u0131 uyguluyor ve kapsaml\u0131 bir filo bak\u0131m program\u0131 y\u00fcr\u00fct\u00fcyoruz. Bu yakla\u015f\u0131mla, operasyonlar\u0131m\u0131z\u0131n kesintisiz ve y\u00fcksek performansla devam etmesini garanti alt\u0131na al\u0131yoruz.<\/p><p>Ayr\u0131ca, Hamidiye Kaynak Sular\u0131 ile uzun y\u0131llard\u0131r s\u00fcregelen i\u015f birli\u011fimiz sayesinde gemilere, i\u00e7me ve kullanma ama\u00e7l\u0131 g\u00fcvenli ve sa\u011fl\u0131kl\u0131 sular sunmaktan b\u00fcy\u00fck bir memnuniyet duyuyoruz. \u0130\u015f ortakl\u0131\u011f\u0131m\u0131z\u0131n katk\u0131s\u0131yla, m\u00fc\u015fterilerimize sundu\u011fumuz hizmetlerin kalitesini art\u0131rarak sekt\u00f6r\u00fcm\u00fczde g\u00fcvenilir bir \u00e7\u00f6z\u00fcm orta\u011f\u0131 olmay\u0131 s\u00fcrd\u00fcr\u00fcyoruz.<\/p>\t\t\t\t\t\t\t\t<\/div>\n\t\t\t\t<\/div>\n\t\t\t\t\t<\/div>\n\t\t<\/div>\n\t\t\t\t<div class=\"elementor-column elementor-col-50 elementor-top-column elementor-element elementor-element-db7c086\" data-id=\"db7c086\" data-element_type=\"column\">\n\t\t\t<div class=\"elementor-widget-wrap elementor-element-populated\">\n\t\t\t\t\t\t<div class=\"elementor-element elementor-element-40d2b67 elementor-widget elementor-widget-wpsection_image_block\" data-id=\"40d2b67\" data-element_type=\"widget\" data-widget_type=\"wpsection_image_block.default\">\n\t\t\t\t<div class=\"elementor-widget-container\">\n\t\t\t\t\t\t\t\n\t\t<section class=\"about-style-two \">\n\t\t\t<div class=\"image-column\">\n\t\t\t\t<div class=\"image_block_one\">\n\t\t\t\t\t<div class=\"image-box pl_130 ml_30 pb_110\">\n\t\t\t\t\t\t\t\t\t\t\t\t<div class=\"shape\" style=\"background-image: url(https:\/\/www.suderyasi.com.tr\/wp-content\/uploads\/2023\/03\/shape-15.png);\">\n\t\t\t\t\t\t\t\t\t\t\t\t<\/div>\n\t\t\t\t\t\t<figure class=\"image\">\n\t\t\t\t\t\t\t   \n\t\t\t\t\t\t\t\t<img decoding=\"async\" src=\"https:\/\/www.suderyasi.com.tr\/wp-content\/uploads\/2025\/01\/Adsiz-tasarim-4.png\" alt=\"\"\/>\n\t\t\t\t\t\t\t\t\t\t\t\t\t<\/figure>\n\t\t\t\t\t\t<div class=\"support-box\">\n\t\t\t\t\t\t\t<div class=\"icon-box\"><i class=\" icon-15\"><\/i><\/div>\n\t\t\t\t\t\t\t<span>\u0130leit\u015fim<\/span>\n\t\t\t\t\t\t\t<h3><a href=\"#\">0 535 100 18 70<\/a><\/h3>\n\t\t\t\t\t\t<\/div>\n\t\t\t\t\t\t\t\t\t\t\t\t\t\n\t\t\t\t\t\t<div class=\"video-box\">\n\t\t\t\t\t\t\t\t\t\t\t\t\n\t\t\t\t\t\t\t<a href=\"\" class=\"lightbox-image\" data-caption=\"\"><i class=\"icon-16\"><\/i><\/a>\n\t\t\t\t\t\t<\/div>\n\t\t\t\t\t\t\t\t\t\t\t<\/div>\n\t\t\t\t<\/div>\n\t\t\t<\/div>\n\t\t<\/section>\n\n\n\t\t\t\t\t\t<\/div>\n\t\t\t\t<\/div>\n\t\t\t\t\t<\/div>\n\t\t<\/div>\n\t\t\t\t\t<\/div>\n\t\t<\/section>\n\t\t\t\t<section class=\"elementor-section elementor-top-section elementor-element elementor-element-4cccef0 elementor-section-boxed elementor-section-height-default elementor-section-height-default\" data-id=\"4cccef0\" data-element_type=\"section\">\n\t\t\t\t\t\t<div class=\"elementor-container elementor-column-gap-no\">\n\t\t\t\t\t<div class=\"elementor-column elementor-col-100 elementor-top-column elementor-element elementor-element-bc77bfd\" data-id=\"bc77bfd\" data-element_type=\"column\">\n\t\t\t<div class=\"elementor-widget-wrap elementor-element-populated\">\n\t\t\t\t\t\t<section class=\"elementor-section elementor-inner-section elementor-element elementor-element-3e82329 elementor-section-full_width elementor-section-height-default elementor-section-height-default\" data-id=\"3e82329\" data-element_type=\"section\" data-settings=\"{&quot;background_background&quot;:&quot;classic&quot;}\">\n\t\t\t\t\t\t\t<div class=\"elementor-background-overlay\"><\/div>\n\t\t\t\t\t\t\t<div class=\"elementor-container elementor-column-gap-no\">\n\t\t\t\t\t<div class=\"elementor-column elementor-col-33 elementor-inner-column elementor-element elementor-element-f0dee28 hover-2\" data-id=\"f0dee28\" data-element_type=\"column\" data-settings=\"{&quot;background_background&quot;:&quot;classic&quot;}\">\n\t\t\t<div class=\"elementor-widget-wrap elementor-element-populated\">\n\t\t\t\t\t\t<div class=\"elementor-element elementor-element-e4d2765 elementor-widget elementor-widget-image\" data-id=\"e4d2765\" data-element_type=\"widget\" data-widget_type=\"image.default\">\n\t\t\t\t<div class=\"elementor-widget-container\">\n\t\t\t\t\t\t\t\t\t\t\t\t\t\t\t<img decoding=\"async\" width=\"60\" height=\"60\" src=\"https:\/\/www.suderyasi.com.tr\/wp-content\/uploads\/2025\/01\/liman.png\" class=\"attachment-full size-full wp-image-3929\" alt=\"\" \/>\t\t\t\t\t\t\t\t\t\t\t\t\t\t\t<\/div>\n\t\t\t\t<\/div>\n\t\t\t\t<div class=\"elementor-element elementor-element-11154e0 elementor-widget elementor-widget-heading\" data-id=\"11154e0\" data-element_type=\"widget\" data-widget_type=\"heading.default\">\n\t\t\t\t<div class=\"elementor-widget-container\">\n\t\t\t\t\t<h3 class=\"elementor-heading-title elementor-size-default\"><a href=\"#\">\u0130stanbul Liman\u0131<\/a><\/h3>\t\t\t\t<\/div>\n\t\t\t\t<\/div>\n\t\t\t\t\t<\/div>\n\t\t<\/div>\n\t\t\t\t<div class=\"elementor-column elementor-col-33 elementor-inner-column elementor-element elementor-element-ab9c8a6 hover-2\" data-id=\"ab9c8a6\" data-element_type=\"column\" data-settings=\"{&quot;background_background&quot;:&quot;classic&quot;}\">\n\t\t\t<div class=\"elementor-widget-wrap elementor-element-populated\">\n\t\t\t\t\t\t<div class=\"elementor-element elementor-element-44e38cc elementor-widget elementor-widget-image\" data-id=\"44e38cc\" data-element_type=\"widget\" data-widget_type=\"image.default\">\n\t\t\t\t<div class=\"elementor-widget-container\">\n\t\t\t\t\t\t\t\t\t\t\t\t\t\t\t<img decoding=\"async\" width=\"60\" height=\"60\" src=\"https:\/\/www.suderyasi.com.tr\/wp-content\/uploads\/2025\/01\/liman.png\" class=\"attachment-full size-full wp-image-3929\" alt=\"\" \/>\t\t\t\t\t\t\t\t\t\t\t\t\t\t\t<\/div>\n\t\t\t\t<\/div>\n\t\t\t\t<div class=\"elementor-element elementor-element-ccce9e4 elementor-widget elementor-widget-heading\" data-id=\"ccce9e4\" data-element_type=\"widget\" data-widget_type=\"heading.default\">\n\t\t\t\t<div class=\"elementor-widget-container\">\n\t\t\t\t\t<h3 class=\"elementor-heading-title elementor-size-default\"><a href=\"#\">\u0130zmit Liman\u0131<\/a><\/h3>\t\t\t\t<\/div>\n\t\t\t\t<\/div>\n\t\t\t\t\t<\/div>\n\t\t<\/div>\n\t\t\t\t<div class=\"elementor-column elementor-col-33 elementor-inner-column elementor-element elementor-element-752d62f hover-2\" data-id=\"752d62f\" data-element_type=\"column\" data-settings=\"{&quot;background_background&quot;:&quot;classic&quot;}\">\n\t\t\t<div class=\"elementor-widget-wrap elementor-element-populated\">\n\t\t\t\t\t\t<div class=\"elementor-element elementor-element-6c90f3b elementor-widget elementor-widget-image\" data-id=\"6c90f3b\" data-element_type=\"widget\" data-widget_type=\"image.default\">\n\t\t\t\t<div class=\"elementor-widget-container\">\n\t\t\t\t\t\t\t\t\t\t\t\t\t\t\t<img decoding=\"async\" width=\"60\" height=\"60\" src=\"https:\/\/www.suderyasi.com.tr\/wp-content\/uploads\/2025\/01\/liman.png\" class=\"attachment-full size-full wp-image-3929\" alt=\"\" \/>\t\t\t\t\t\t\t\t\t\t\t\t\t\t\t<\/div>\n\t\t\t\t<\/div>\n\t\t\t\t<div class=\"elementor-element elementor-element-df29d38 elementor-widget elementor-widget-heading\" data-id=\"df29d38\" data-element_type=\"widget\" data-widget_type=\"heading.default\">\n\t\t\t\t<div class=\"elementor-widget-container\">\n\t\t\t\t\t<h3 class=\"elementor-heading-title elementor-size-default\"><a href=\"#\">\u00c7anakkale Bo\u011faz\u0131<\/a><\/h3>\t\t\t\t<\/div>\n\t\t\t\t<\/div>\n\t\t\t\t\t<\/div>\n\t\t<\/div>\n\t\t\t\t\t<\/div>\n\t\t<\/section>\n\t\t\t\t\t<\/div>\n\t\t<\/div>\n\t\t\t\t\t<\/div>\n\t\t<\/section>\n\t\t\t\t<section class=\"elementor-section elementor-top-section elementor-element elementor-element-4cdfbb2 elementor-section-full_width elementor-section-height-default elementor-section-height-default\" data-id=\"4cdfbb2\" data-element_type=\"section\">\n\t\t\t\t\t\t<div class=\"elementor-container elementor-column-gap-no\">\n\t\t\t\t\t<div class=\"elementor-column elementor-col-100 elementor-top-column elementor-element elementor-element-2e1db10\" data-id=\"2e1db10\" data-element_type=\"column\">\n\t\t\t<div class=\"elementor-widget-wrap elementor-element-populated\">\n\t\t\t\t\t\t<div class=\"elementor-element elementor-element-979b49e notranslate elementor-widget elementor-widget-wpsection_cta_two\" data-id=\"979b49e\" data-element_type=\"widget\" data-widget_type=\"wpsection_cta_two.default\">\n\t\t\t\t<div class=\"elementor-widget-container\">\n\t\t\t\t\t\t\n\t\t<section class=\"cta-section alternat-2 p_relative centred about-page\">\n\t\t\t\t\t\t<div class=\"bg-layer parallax-bg\" data-parallax='{\"y\": 100}' style=\"background-image: url(https:\/\/www.suderyasi.com.tr\/wp-content\/uploads\/2024\/11\/SD3-1.jpg);\">\n\t\t\t\t\t\t<\/div>\n\t\t\t<div class=\"auto-container\">\n\t\t\t\t<div class=\"inner-box\">\n\t\t\t\t\t<div class=\"video-btn\">\n\t\t\t\t\t\t<a href=\"\" class=\"lightbox-image\" data-caption=\"\"><i class=\"icon-16\"><\/i><\/a>\n\t\t\t\t\t<\/div>\n\t\t\t\t\t<h2>Su Deryas\u0131  <span>Fresh Water<\/span> <\/h2>\n\t\t\t\t\t<div class=\"btn-box\">\n\t\t\t\t\t\t\t\t\t\t\t\t<a href=\"https:\/\/www.suderyasi.com.tr\/index.php\/iletisim\/\" class=\"theme-btn btn-one\">ileti\u015fim<\/a>\n\t\t\t\t\t\t\t\t\t\t\t\t\t\t\t\t\t\t<a href=\"https:\/\/www.suderyasi.com.tr\/index.php\/\/\" class=\"theme-btn btn-two\">Anasayfa<\/a>\n\t\t\t\t\t\t\t\t\t\t\t<\/div>\n\t\t\t\t<\/div>\n\t\t\t<\/div>\n\t\t<\/section>\n\n\n\t\t\t\t\t\t<\/div>\n\t\t\t\t<\/div>\n\t\t\t\t\t<\/div>\n\t\t<\/div>\n\t\t\t\t\t<\/div>\n\t\t<\/section>\n\t\t\t\t<\/div>\n\t\t","protected":false},"excerpt":{"rendered":"<p>Hakk\u0131m\u0131zda Su Deryas\u0131 Fresh Water \u0130stanbul Bo\u011faz\u0131\u2019ndan ge\u00e7en, \u0130stanbul demir alanlar\u0131na, tersanelere ve \u0130zmit Liman\u0131\u2019na u\u011frayan gemilere 7\/24 y\u00fcksek kaliteli tatl\u0131 su tedarik ediyoruz. Sa\u011flad\u0131\u011f\u0131m\u0131z su, D\u00fcnya Sa\u011fl\u0131k \u00d6rg\u00fct\u00fc\u2019n\u00fcn (DS\u00d6) kullanma suyu kalitesiyle ilgili k\u0131lavuzunda belirtilen standartlar\u0131 eksiksiz bir \u015fekilde kar\u015f\u0131lamaktad\u0131r. Bu sayede gemilere g\u00fcvenli, sa\u011fl\u0131kl\u0131 ve temiz suyun ula\u015ft\u0131r\u0131lmas\u0131n\u0131 sa\u011fl\u0131yoruz. Hizmet kalitemizi daima en [&hellip;]<\/p>\n","protected":false},"author":1,"featured_media":0,"parent":0,"menu_order":0,"comment_status":"closed","ping_status":"closed","template":"tpl-default-elementor.php","meta":{"footnotes":""},"class_list":["post-3136","page","type-page","status-publish","hentry"],"_links":{"self":[{"href":"https:\/\/www.suderyasi.com.tr\/index.php\/wp-json\/wp\/v2\/pages\/3136","targetHints":{"allow":["GET"]}}],"collection":[{"href":"https:\/\/www.suderyasi.com.tr\/index.php\/wp-json\/wp\/v2\/pages"}],"about":[{"href":"https:\/\/www.suderyasi.com.tr\/index.php\/wp-json\/wp\/v2\/types\/page"}],"author":[{"embeddable":true,"href":"https:\/\/www.suderyasi.com.tr\/index.php\/wp-json\/wp\/v2\/users\/1"}],"replies":[{"embeddable":true,"href":"https:\/\/www.suderyasi.com.tr\/index.php\/wp-json\/wp\/v2\/comments?post=3136"}],"version-history":[{"count":26,"href":"https:\/\/www.suderyasi.com.tr\/index.php\/wp-json\/wp\/v2\/pages\/3136\/revisions"}],"predecessor-version":[{"id":4052,"href":"https:\/\/www.suderyasi.com.tr\/index.php\/wp-json\/wp\/v2\/pages\/3136\/revisions\/4052"}],"wp:attachment":[{"href":"https:\/\/www.suderyasi.com.tr\/index.php\/wp-json\/wp\/v2\/media?parent=3136"}],"curies":[{"name":"wp","href":"https:\/\/api.w.org\/{rel}","templated":true}]}}